{"id":23,"date":"2013-06-15T14:07:37","date_gmt":"2013-06-15T12:07:37","guid":{"rendered":"http:\/\/erhard-family.de\/wordpress\/?page_id=23"},"modified":"2024-06-03T08:58:19","modified_gmt":"2024-06-03T06:58:19","slug":"1980er","status":"publish","type":"page","link":"https:\/\/erhard-family.de\/?page_id=23","title":{"rendered":"1980er"},"content":{"rendered":"<p style=\"text-align: left;\" align=\"center\"><span style=\"font-size: 12pt;\"><strong>Ausbildung zum freiwilligen Suchtkrankenhelfer<\/strong><\/span><\/p>\n<p><span style=\"font-size: 12pt;\">Durch seine Erfahrungen im Umgang mit den jungen Wehrpflichtigen gepr\u00e4gt, entschied sich Andreas Erhard im Jahr 1981 eine Ausbildung zum freiwilligen Suchtkrankenhelfer zu beginnen. Diese Ausbildung, welche drei Jahre dauerte und ausschlie\u00dflich an Wochenenden durchgef\u00fchrt wurde, erfolgte im Rahmen eines bayernweiten Modelversuches, welcher von Andreas Erhard mit angeregt wurde. Die gesamte Seminarreihe musste aus eigener Tasche finanziert werden und erfolgte neben dem ausge\u00fcbten Beruf.<a href=\"https:\/\/erhard-family.de\/wordpress\/wp-content\/uploads\/scheuklappen.jpg\"><img loading=\"lazy\" decoding=\"async\" class=\"wp-image-86 alignleft\" src=\"https:\/\/erhard-family.de\/wordpress\/wp-content\/uploads\/scheuklappen-300x254.jpg\" alt=\"scheuklappen\" width=\"379\" height=\"380\" \/><\/a><\/span><\/p>\n<p><span style=\"font-size: 12pt;\">F\u00fcr Andreas Erhard erschien es zu dieser Zeit wichtig, im Umgang mit der Sucht auf eine Ausbildung und einen Wissensfundus zur\u00fcckgreifen zu k\u00f6nnen.<\/span><\/p>\n<p><span style=\"font-size: 12pt;\">Zu diesem Zeitpunkt Anfang der 1980er Jahre entwickelte sich der Vorsatz sowie die sp\u00e4tere Lebensberufung von Andreas Erhard, eben \u201eb\u00fcrgerschaftlich aktiv zu sein\u201c deutlich heraus.\u00a0<\/span><\/p>\n<p>&nbsp;<\/p>\n<p>&nbsp;<\/p>\n<p><strong><span style=\"font-size: 10pt;\">Pressebericht (Auszug) der Mainpost W\u00fcrzburg vom 24.03.1981 \u00a9 2013<br \/>\n(Zum Lesen bitte anklicken.)<\/span><\/strong><\/p>\n<p>&nbsp;<\/p>\n<p><span style=\"font-size: 12pt;\"><strong>Verbesserung der Berufsausbildung an Deutschlands Tankstellen<\/strong><\/span><\/p>\n<p><span style=\"font-size: 12pt;\">Ebenfalls 1981 unternahm Andreas Erhard den ersten Vorsto\u00df zur Verbesserung und Neuordnung der Berufsausbildung an Deutschlands Tankstellen.<\/span><br \/>\n<span style=\"font-size: 12pt;\">Im Jahr 1975 absolvierte Andreas Erhard eine Berufsausbildung zum Tankwart. Bereits zu diesem Zeitpunkt waren das Berufsbild und der Berufstand des Tankwarts hoffnungslos \u00fcberaltert und nicht mehr Zeitgem\u00e4\u00df.<\/span><\/p>\n<p><span style=\"font-size: 12pt;\"><a href=\"https:\/\/erhard-family.de\/wordpress\/wp-content\/uploads\/tankstelle.jpg\"><img loading=\"lazy\" decoding=\"async\" class=\"size-medium wp-image-97 alignright\" src=\"https:\/\/erhard-family.de\/wordpress\/wp-content\/uploads\/tankstelle-261x300.jpg\" alt=\"tankstelle\" width=\"261\" height=\"300\" srcset=\"https:\/\/erhard-family.de\/wordpress\/wp-content\/uploads\/tankstelle-261x300.jpg 261w, https:\/\/erhard-family.de\/wordpress\/wp-content\/uploads\/tankstelle-893x1024.jpg 893w, https:\/\/erhard-family.de\/wordpress\/wp-content\/uploads\/tankstelle-624x714.jpg 624w, https:\/\/erhard-family.de\/wordpress\/wp-content\/uploads\/tankstelle.jpg 1105w\" sizes=\"auto, (max-width: 261px) 100vw, 261px\" \/><\/a><\/span><\/p>\n<p><span style=\"font-size: 12pt;\">Dieser Umstand wurde in regelm\u00e4\u00dfigen Abst\u00e4nden auch von den Spitzenverb\u00e4nden der Mineral\u00f6llobby und den Tarifpartnern festgestellt, unternommen wurde jedoch nichts.<\/span><\/p>\n<p><span style=\"font-size: 12pt;\">Diese unhaltbare Situation f\u00fchrte Andreas Erhard, sozusagen als Betroffenen, auf den Plan. <\/span><span style=\"font-size: 12pt;\">Sein Anliegen &#8211; eine berufliche Neuordnung der Berufsausbildung zum Tankwart und die Verbesserung der Situation des gesamten Berufsstandes. <\/span><span style=\"font-size: 12pt;\">In den Folgejahren wurden von Andreas Erhard alle Beteiligten der deutschen Wirtschaft, die Spitzenverb\u00e4nde sowie die Tarifpartner mit einer Reihe von Thesen und Positionspapieren sowie Arbeitstexten zur Verbesserung der Berufsausbildung an Deutschlands Tankstellen befasst.<\/span><\/p>\n<p style=\"text-align: right;\"><span style=\"font-size: 10pt;\"><strong>Pressebericht (Auszug) der Mainpost W\u00fcrzburg vom<br \/>\n07.01.1988 \u00a9 2013 (Zum Lesen bitte anklicken.)<\/strong><\/span><\/p>\n<p><span style=\"font-size: 12pt;\">Auch das zust\u00e4ndige Bundeswirtschaftsministerium, das Bundesinstitut f\u00fcr Berufsbildung, der Industrie- und Handelstag sowie die zust\u00e4ndigen Deutschen Industrie- und Handelskammern involvierte Andreas Erhard mit seinen Vorschl\u00e4gen zur Verbesserung dieser Berufsausbildung.<\/span><\/p>\n<p><span style=\"font-size: 12pt;\">Die Mineral\u00f6llobbyisten lehnten die Vorst\u00f6\u00dfe von Andreas Erhard mit der Begr\u00fcndung, nicht finanzierbar, auf breiter Front ab. Anders hingegen die staatlichen Spitzenorgane der beruflichen Aus- und Weiterbildung. So wurde Andreas Erhard Anfang der 1980er Jahre in den Pr\u00fcfungsausschuss der Industrie- und Handelskammer berufen, welchen er heute noch in mehreren Berufssparten angeh\u00f6rt. Das Bundeswirtschaftsministerium listete Andreas Erhard 1984 als Sachverst\u00e4ndigen f\u00fcr eine zuk\u00fcnftige berufliche Neuordnung der Ausbildung zum Tankwart. Auf Grund der \u00fcberalterten und abqualifizierenden Berufsausbildung wurden in dieser Zeit die Notendurchschnitte der Tankwart-Auszubildenden bei den Abschlusspr\u00fcfungen und in den Berufsschulen immer schlechter. Somit erfolgten auf Anregung von Andreas Erhard zahlreiche Weiterbildungen und Kurse zur Verbesserung der Pr\u00fcfungsergebnisse der Tankwart-Auszubildenden. Selbst Unterricht an der Berufsschule f\u00fcr Tankwarte in Schwabach wurde regelm\u00e4\u00dfig von Andreas Erhard eigenfinanziert abgehalten.<\/span><\/p>\n<p><span style=\"font-size: 12pt;\">Nach \u00fcber zehn Jahren hatten die umf\u00e4nglichen und nachhaltigen Bestrebungen des Andreas Erhard schlie\u00dflich doch noch Erfolg.<\/span><\/p>\n<p><span style=\"font-size: 12pt;\">Heute ist die Berufsausbildung an der Tankstelle als Fachbereich \u201eTankstelle\u201c innerhalb der Ausbildung zum\/zur Kaufmann\/Kauffrau im Einzelhandel angesiedelt. Eine qualifizierende und zukunftsorientierte Ausbildung an Deutschlands Tankstellen ist somit gew\u00e4hrleistet.<\/span><\/p>\n<p><span style=\"font-size: 12pt;\">Siehe auch: Biographie Don Quiqotte<\/span><\/p>\n<p>&nbsp;<\/p>\n<p><span style=\"font-size: 12pt;\"><strong>Pr\u00fcfer und Dozentent\u00e4tigkeit f\u00fcr die Industrie- und Handelskammer<\/strong><\/span><\/p>\n<p><span style=\"font-size: 12pt;\">Mit einhergehen der unterschiedlichsten und weitschichtigen Bestrebungen von Andreas Erhard zur Verbesserung und Neuordnung der Berufsausbildung an Deutschlands Tankstellen, erfolgte zum 02.November 1982 die Berufung als Mitglied in den kaufm\u00e4nnischen Pr\u00fcfungsausschuss der Industrie- und Handelskammer. Zeitnah erhielt Andreas Erhard die unbefristete Sondergenehmigung zum Ausbilden von Lehrlingen, gem\u00e4\u00df Berufsbildungsgesetz durch die Regierung von Unterfranken zuerkannt.<\/span><\/p>\n<p><span style=\"font-size: 12pt;\">Zu den Kernbestrebungen von Andreas Erhard z\u00e4hlte in dieser Zeit eine qualitative Verbesserung der Berufsausbildung zum Tankwart herbeizuf\u00fchren. Nach seinen Vorstellungen sollten in der Zukunft richtungsweisender Umweltschutz und Arbeitsschutzkriterien innerhalb einer neuen Ausbildungsordnung W\u00fcrdigung finden. Als weiteres sollte die derzeitige Ausbildung zum Tankwart den richtungsweisenden Vorgaben einer modernen Ausbildung mit Weiterbildungs- und Zukunftschancen nicht nachstehen, das Bundesinstitut f\u00fcr Berufsbildung- und Forschung wurde seinerzeit mit diesen Vorstellungen befasst. Um alle diese Kriterien einzubringen bzw. umzusetzen und somit m\u00f6glichst gute Pr\u00fcfungsergebnisse der Auszubildenden zu erreichen, erm\u00f6glichte die Industrie- und Handelskammer in den 1980er Jahren mehrere \u00fcberbetriebliche Schulungen f\u00fcr Tankwartauszubildende, welche von Andreas Erhard eigenverantwortlich ausgearbeitet und im Rahmen einer Dozentent\u00e4tigkeit abgehalten wurden.<\/span><br \/>\n<span style=\"font-size: 12pt;\">Bis heute ist Andreas Erhard im kaufm\u00e4nnischen Pr\u00fcfungsausschuss als Vorsitzender ehrenamtlich t\u00e4tig. Seine T\u00e4tigkeit erstreckt sich hierbei auch auf weitere Berufssparten und T\u00e4tigkeiten im Pr\u00fcferwesen.<\/span><\/p>\n<p>&nbsp;<\/p>\n<p><span style=\"font-size: 12pt;\"><strong>Tier-und Artenschutzbestrebungen<\/strong><\/span><\/p>\n<p><span style=\"font-size: 12pt;\">Anfang der 1980er Jahre entwickelte sich bei Andreas Erhard die Fragestellung zu einem aktiven Tier- und Artenschutz.<\/span><br \/>\n<span style=\"font-size: 12pt;\">Vermutlich war hierbei der Umgang mit Schildkr\u00f6ten, eine Wasserschildkr\u00f6te bekam Andreas Erhard in der Kindheit geschenkt, pr\u00e4gend.<\/span><br \/>\n<span style=\"font-size: 12pt;\">Elke Erhard hatte zu diesem Zeitpunkt beruflich mit der Haltung und Pflege von Schildkr\u00f6ten zu tun.<\/span><br \/>\n<span style=\"font-size: 12pt;\">In den 1980er Jahren wurden Wasser-, aber auch Landschildkr\u00f6ten meistens als sogenannte Wildf\u00e4nge in sehr gro\u00dfen Mengen nach Deutschland eingef\u00fchrt. Gesetzliche Bestimmungen zum Umgang mit diesen Tieren, welche bereits in ihrer Artenvielfallt aus der Zeit der Dinosaurier stammen, steckten damalig noch in den Kinderschuhen.<\/span><\/p>\n<p><span style=\"font-size: 12pt;\">In dieser Zeit unternahm Andreas Erhard zahlreiche Bestrebungen zur Verbesserung der Haltungs- und Lebenssituation dieser urzeitlich anmuteten Tiere.<\/span><\/p>\n<p><span style=\"font-size: 12pt;\">So war es zu dieser Zeit gel\u00e4ufig, dass in den Tierhandlungen u.a. sogenannte Schildkr\u00f6tenparadise angeboten wurden, dabei handelte es sich um ein ca. DIN A 4 gro\u00dfes Plexiglasbecken, in welchem eine Plastikpalme als Landteil integriert war. Diese Kleinstbeh\u00e4ltnisse wurden dann zu Weihnachten oder an Geburtstagen mit zwei bis drei Babyschildkr\u00f6ten besetzt, an Kleinkinder zum spielen verschenkt. Da die Jungschildkr\u00f6ten sehr schnell wuchsen, konnte ein Gro\u00dfteil nach wenigen Jahren nicht mehr artgerecht gehalten werden, oft erfolgte dann das Aussetzten in nahegelegene B\u00e4che oder Gew\u00e4sser.<\/span><\/p>\n<p><span style=\"font-size: 12pt;\">Dass diese zur damaligen Zeit g\u00e4ngige Verkaufspraxis gegen jegliche artenschutzrechtliche Haltung dieser Tiere verstie\u00df, war offensichtlich.<\/span><\/p>\n<p><span style=\"font-size: 12pt;\">Noch als niemand daran dachte, unternahm Andreas Erhard daher bereits in den 1980er Jahren mehrere eigenverantwortliche Vorst\u00f6\u00dfe bei Europa-, Bundes- und Naturschutzbeh\u00f6rden der kommunalen Ebene, um diese Verkaufs-, Haltungs- und Schenkungspraxis zu unterbinden.<\/span><\/p>\n<p><span style=\"font-size: 12pt;\"><a href=\"https:\/\/erhard-family.de\/wordpress\/wp-content\/uploads\/80er5.jpg\"><img loading=\"lazy\" decoding=\"async\" class=\"size-medium wp-image-107 alignleft\" src=\"https:\/\/erhard-family.de\/wordpress\/wp-content\/uploads\/80er5-300x198.jpg\" alt=\"DIGITAL CAMERA\" width=\"334\" height=\"247\" \/><\/a> <\/span><\/p>\n<p><span style=\"font-size: 12pt;\">Zahlreiche schriftliche und pers\u00f6nlich formulierte Eingaben waren hierbei angezeigt. Aus dieser Zeit stammen auch mehrseitige Handreichungen wie z.B. die \u201eHandreichung zur Verbesserung der Lebensumst\u00e4nde ausgesetzter Wasserschildkr\u00f6ten\u201c oder das Positionspapier \u201eDie Sch\u00f6pfung bewahren &#8211; die Umwelt erhalten &#8211; Schildkr\u00f6ten sch\u00fctzen\u201c. Diese schriftlichen Eingaben gingen seinerzeit u.a. an das Bundesumweltministerium sowie die Europ\u00e4ischen Gemeinschaft.<strong>\u00a0\u00a0\u00a0\u00a0\u00a0\u00a0\u00a0\u00a0\u00a0\u00a0\u00a0\u00a0\u00a0\u00a0\u00a0\u00a0\u00a0\u00a0\u00a0\u00a0<\/strong><\/span><\/p>\n<p><span style=\"font-size: 10pt;\"><b style=\"font-size: 10pt;\">Wasserschildkr\u00f6te im Freilandt<\/b><span style=\"font-size: 13.3333px;\"><b>errarium<\/b><\/span><b style=\"font-size: 10pt;\">,\u00a0<\/b><br \/>\n<b style=\"font-size: 10pt;\">Vergleichsbild \u00a9 2013<\/b><\/span><\/p>\n<p><span style=\"font-size: 12pt;\">Heute unterliegen alle Schildkr\u00f6tenarten und Unterarten strengen landes- und weltweiten Artenschutzbestimmungen. Diese regeln die Einfuhr, die Haltung und den Verkauf dieser einmaligen Tiergattung.<\/span><\/p>\n<p><span style=\"font-size: 12pt;\">Familie Elke, Andreas und Manuel Erhard ber\u00e4t bis heute Schildkr\u00f6tenbesitzter, Kaufinteressenten, Tier\u00e4rzte, und Tierheime beim Umgang mit Wasser- und Landschildkr\u00f6ten. Es wird keine Zucht und kein Handel mit Schildkr\u00f6ten betrieben. In besonderen Einzelf\u00e4llen kann auch die Betreuung eines Schildkr\u00f6ten-Pfleglings \u00fcbernommen werden.\u00a0<\/span><\/p>\n<p>&nbsp;<\/p>\n<p><span style=\"font-size: 12pt;\"><strong>Gr\u00fcndung einer Interessenvertretung f\u00fcr b\u00fcrgerschaftliche private Projekte<\/strong><\/span><\/p>\n<p><span style=\"font-size: 12pt;\">Im Rahmen seiner vielf\u00e4ltigen Ans\u00e4tze b\u00fcrgerschaftlich aktiv zu werden, bemerkte Andreas Erhard im zunehmenden Ma\u00dfe, dass Interessenverb\u00e4nde, Lobbygruppen und selbst die Politik dem einzelnen B\u00fcrger nur wenige Spielr\u00e4ume f\u00fcr neue und somit noch unbekannte private Initiativen einr\u00e4umt. Einzelpersonen, welche in dieser Zeit mit neuen Ideen und innovativen Projekten aufwarteten, hatten in der Regel keine Aussicht auf Erfolg.<\/span><\/p>\n<p><span style=\"font-size: 12pt;\">Die Erfahrungen von Andreas Erhard im Umgang mit der beabsichtigten beruflichen Neuordnung der Berufsausbildung an Deutschlands Tankstellen und der Blockadehaltung von Berufsverb\u00e4nden und Tarifpartnern veranlasste ihn, mit Gleichgesinnten eine Interessenvertretung f\u00fcr mehr b\u00fcrgerschaftliches Engagement in der Rechtsform eines eingetragenen Vereines zu gr\u00fcnden.<\/span><\/p>\n<p><span style=\"font-size: 12pt;\">Im Februar 1987 wurde nach der Idee und unter Federf\u00fchrung von Andreas Erhard das Deutsche Kuratorium zur F\u00f6rderung von Wissenschaft, Bildung und Kultur e.V. in W\u00fcrzburg gegr\u00fcndet.<\/span><\/p>\n<p><span style=\"font-size: 12pt;\">Das Ziel dieses gemeinn\u00fctzigen Vereins ist es seither, private Initiativen von B\u00fcrgerinnen und B\u00fcrgern im In- und Ausland zu b\u00fcndeln und zu unterst\u00fctzen. Das Deutsche Kuratorium e.V. kann diesbez\u00fcglich als Interessenvertretung auftreten. Der Verein ist seither auch Tr\u00e4ger unterschiedlicher gemeinn\u00fctziger Projekte seiner Mitglieder.<\/span><\/p>\n<p>&nbsp;<\/p>\n<p><span style=\"font-size: 12pt;\"><strong>Modelversuch zur M\u00fclltrennung von wassergef\u00e4hrlichen Stoffen<\/strong><\/span><\/p>\n<p><span style=\"font-size: 12pt;\">In den 1980er Jahren hatte Andreas Erhard ein Tankstellenunternehmen.<\/span><br \/>\n<span style=\"font-size: 12pt;\">In dieser Zeit wurde noch keine M\u00fclltrennung bzw. umf\u00e4ngliche Entsorgung von wassergef\u00e4hrlichen Stoffen durchgef\u00fchrt.<\/span><br \/>\n<span style=\"font-size: 12pt;\">In aller Regel erfolgte die Entsorgung von leeren \u00d6lgebinden sowie Reste von Bremsfl\u00fcssigkeiten und Frostschutzmitteln ungeordnet auf der nahegelegen Hausm\u00fclldeponie.<\/span><\/p>\n<p><span style=\"font-size: 12pt;\">Unter dem Aspekt, dass versickernde Reste von Mineral\u00f6len oder Bremsfl\u00fcssigkeiten und Frostschutzmitteln eine erhebliche Gef\u00e4hrdung f\u00fcr das Trinkwasservorkommen darstellen k\u00f6nnen, f\u00fchrte Andreas Erhard in seinem Tankstellenunternehmen einen privaten Modelversuch durch.<\/span><br \/>\n<span style=\"font-size: 12pt;\">Innerhalb dieses mehrj\u00e4hrigen Versuches wurde festgestellt, dass allein in weggeworfenen \u00d6lgebinden nicht zu untersch\u00e4tzende Mengen an Rest\u00f6l aufzufinden sind.<\/span><br \/>\n<span style=\"font-size: 12pt;\">Gleiches gilt f\u00fcr Bremsfl\u00fcssigkeit- und Frostschutzbeh\u00e4lter.<\/span><\/p>\n<p><span style=\"font-size: 12pt;\"><a href=\"https:\/\/erhard-family.de\/wordpress\/wp-content\/uploads\/Regierung.jpg\"><img loading=\"lazy\" decoding=\"async\" class=\"size-medium wp-image-118 alignleft\" src=\"https:\/\/erhard-family.de\/wordpress\/wp-content\/uploads\/Regierung-213x300.jpg\" alt=\"Regierung\" width=\"213\" height=\"300\" srcset=\"https:\/\/erhard-family.de\/wordpress\/wp-content\/uploads\/Regierung-213x300.jpg 213w, https:\/\/erhard-family.de\/wordpress\/wp-content\/uploads\/Regierung-624x876.jpg 624w, https:\/\/erhard-family.de\/wordpress\/wp-content\/uploads\/Regierung.jpg 729w\" sizes=\"auto, (max-width: 213px) 100vw, 213px\" \/><\/a>Das Ergebnis des Versuches zeigte auch auf, dass bereits eine Trennung dieser Beh\u00e4ltnisse vor der Entsorgung zu einer deutlichen Verbesserung dieser Situation f\u00fchren k\u00f6nnte.<\/span><\/p>\n<p><span style=\"font-size: 12pt;\">Mit dem Ergebnis dieses Versuches zur M\u00fclltrennung von wassergef\u00e4hrlichen Stoffen, wurden durch Andreas Erhard alle zust\u00e4ndigen Stellen befasst.<\/span><\/p>\n<p><span style=\"font-size: 12pt;\">In Verbindung mit den Ergebnissen und dem daraus entstandenen Handlungsbedarf dieses privaten Modelversuches, erfolgte Jahre sp\u00e4ter auf breiter Linie ein Umdenken innerhalb der M\u00fcll- und Abfallbeseitigung. <\/span><span style=\"font-size: 12pt;\">Heute schreiben Bundes- und Landesgesetze eine umf\u00e4ngliche M\u00fclltrennung und Sonderm\u00fcllbeseitigung vor.<\/span><\/p>\n<p><span style=\"font-size: 10pt;\"><strong>Verlautbarung der Regierung von Unterfranken vom<br \/>\n08.10.1993 \u00a9 2013 (Zum Lesen bitte anklicken.)<\/strong><\/span><\/p>\n","protected":false},"excerpt":{"rendered":"<p>Ausbildung zum freiwilligen Suchtkrankenhelfer Durch seine Erfahrungen im Umgang mit den jungen Wehrpflichtigen gepr\u00e4gt, entschied sich Andreas Erhard im Jahr 1981 eine Ausbildung zum freiwilligen Suchtkrankenhelfer zu beginnen. Diese Ausbildung, welche drei Jahre dauerte und ausschlie\u00dflich an Wochenenden durchgef\u00fchrt wurde, <a class=\"more-link\" href=\"https:\/\/erhard-family.de\/?page_id=23\">Weiterlesen\u00a0\u2026<\/a><\/p>\n","protected":false},"author":1,"featured_media":0,"parent":0,"menu_order":0,"comment_status":"closed","ping_status":"closed","template":"","meta":{"footnotes":""},"class_list":["post-23","page","type-page","status-publish","hentry"],"_links":{"self":[{"href":"https:\/\/erhard-family.de\/index.php?rest_route=\/wp\/v2\/pages\/23","targetHints":{"allow":["GET"]}}],"collection":[{"href":"https:\/\/erhard-family.de\/index.php?rest_route=\/wp\/v2\/pages"}],"about":[{"href":"https:\/\/erhard-family.de\/index.php?rest_route=\/wp\/v2\/types\/page"}],"author":[{"embeddable":true,"href":"https:\/\/erhard-family.de\/index.php?rest_route=\/wp\/v2\/users\/1"}],"replies":[{"embeddable":true,"href":"https:\/\/erhard-family.de\/index.php?rest_route=%2Fwp%2Fv2%2Fcomments&post=23"}],"version-history":[{"count":47,"href":"https:\/\/erhard-family.de\/index.php?rest_route=\/wp\/v2\/pages\/23\/revisions"}],"predecessor-version":[{"id":697,"href":"https:\/\/erhard-family.de\/index.php?rest_route=\/wp\/v2\/pages\/23\/revisions\/697"}],"wp:attachment":[{"href":"https:\/\/erhard-family.de\/index.php?rest_route=%2Fwp%2Fv2%2Fmedia&parent=23"}],"curies":[{"name":"wp","href":"https:\/\/api.w.org\/{rel}","templated":true}]}}