{"id":196,"date":"2013-06-27T21:00:11","date_gmt":"2013-06-27T19:00:11","guid":{"rendered":"http:\/\/erhard-family.de\/?page_id=196"},"modified":"2024-06-04T09:30:41","modified_gmt":"2024-06-04T07:30:41","slug":"ehrungen","status":"publish","type":"page","link":"https:\/\/erhard-family.de\/?page_id=196","title":{"rendered":"Ehrungen"},"content":{"rendered":"<p><span style=\"font-size: 12pt;\"><b>Elke, Andreas und Manuel Erhard<\/b><\/span><\/p>\n<p><span style=\"font-size: 12pt;\"><span style=\"text-decoration: underline;\">Mauremys leprosa erhardi<br \/>\n<\/span><em>Benennung einer neu entdeckten Schildkr\u00f6te nach Familie Erhard, Ehrung f\u00fcr Arten- und Naturschutzprojekte<\/em><\/span><\/p>\n<p><span style=\"font-size: 12pt;\"><span style=\"text-decoration: underline;\">B\u00fcrgerpreis der deutschen Einheit<br \/>\n<\/span><em>Ehrung f\u00fcr besonderes b\u00fcrgerschaftliches Engagement um die deutsche Einheit<\/em><\/span><\/p>\n<p><span style=\"font-size: 12pt;\"><span style=\"text-decoration: underline;\">Natur- und Umwelterbe Kulturaward (F\u00f6rderpreis)<br \/>\n<\/span><em>Auszeichnung f\u00fcr Natur- und Artenschutzbestrebungen im ehemaligen Grenzstreifen<\/em><\/span><\/p>\n<p><span style=\"font-size: 12pt;\"><span style=\"text-decoration: underline;\">Denkmalpreis des Landkreises Schmalkalden-Meiningen<br \/>\n<\/span><em>Ehrung f\u00fcr besonderes Engagement um die Rettung und Erhaltung der Grenzanlage\/Denkmalensemble bei Behrungen\/Th\u00fcringen<\/em><\/span><\/p>\n<p><span style=\"font-size: 12pt;\"><span style=\"text-decoration: underline;\">Galerie der engagierten B\u00fcrger<br \/>\n<\/span><em>Ehrung f\u00fcr 20 Jahre unerm\u00fcdliches Wirken um die Gestaltung der deutschen Einheit und dem Zusammenwachsen von ost und west beim Sommerfest des Bundespr\u00e4sidenten im Schloss Belevue in Berlin<\/em><\/span><\/p>\n<p><span style=\"font-size: 12pt;\"><span style=\"text-decoration: underline;\">Lilie \u201e The Erhard Family\u201c<br \/>\n<\/span><em>Benennung einer neu gez\u00fcchteten Lilie nach Familie Erhard, Ehrung und Anerkennung des b\u00fcrgerschaftlichen Gesamtengagements und des bundesweit einmaligen Lebenswerkes<\/em><\/span><\/p>\n<p><span style=\"font-size: 12pt;\"><span style=\"text-decoration: underline;\">Briefmarke, Nennwert: 0,62 \u20ac, Motiv: Erhard Family<br \/>\n<\/span><em>Deutsche Post, Individuell-Edition, Ehrung anl\u00e4sslich\u00a025 Jahre Deutsche Einheit<\/em><\/span><\/p>\n<p>&nbsp;<\/p>\n<p><span style=\"font-size: 12pt;\"><b>Andreas Erhard<\/b><\/span><\/p>\n<p><span style=\"font-size: 12pt;\"><span style=\"text-decoration: underline;\">Umwelturkunde des Freistaats Bayern<br \/>\n<\/span><em>Auszeichnung f\u00fcr zahlreiche Umwelt- und Naturschutzbestrebungen in der fr\u00e4nkischen Heimatregion<\/em><\/span><\/p>\n<p><span style=\"font-size: 12pt;\"><span style=\"text-decoration: underline;\">Medaille f\u00fcr besonderes, ehrenamtliches Engagement<br \/>\n<\/span><em>Ehrung f\u00fcr das langj\u00e4hrige ehrenamtliche Engagement in Vereinen und Verb\u00e4nden<\/em><\/span><\/p>\n<p><span style=\"font-size: 12pt;\"><span style=\"text-decoration: underline;\">Ehrennadel der Industrie- und Handelskammer in Gold<br \/>\n<\/span><em>Anerkennung f\u00fcr jahrzehntelange Pr\u00fcfer- und Dozentent\u00e4tigkeit f\u00fcr die IHK<\/em><\/span><\/p>\n<p><span style=\"font-size: 12pt;\"><span style=\"text-decoration: underline;\">Dankesurkunde des Landkreises Schmalkalden-Meiningen<br \/>\n<\/span><em>Anerkennung des Landrates f\u00fcr unerm\u00fcdlichen und weitsichtigen Denkmalschutz im Landkreis<\/em><\/span><\/p>\n<p><span style=\"text-decoration: underline;\"><span style=\"font-size: 12pt;\">Urkunde als besondere Anerkennung der Industrie- und Handelskammer<\/span><\/span><br \/>\n<em><span style=\"font-size: 12pt;\">Ehrung anl\u00e4sslich 40 j\u00e4hriger, ununterbrochener Mitarbeit im Ehrenamt der IHK<\/span><\/em><\/p>\n<p>&nbsp;<\/p>\n<p><span style=\"font-size: 12pt;\"><b>Manuel Erhard<\/b><\/span><\/p>\n<p><span style=\"font-size: 12pt;\"><span style=\"text-decoration: underline;\">\u00d6ffentliche Belobigung durch den Freistaat Th\u00fcringen f\u00fcr Lebensrettung<br \/>\n<\/span><em>Ehrung f\u00fcr Lebensrettung in einer h\u00f6chstbedrohlichen Situation<\/em><\/span><\/p>\n<p><span style=\"font-size: 12pt;\"><span style=\"text-decoration: underline;\">Th\u00fcringer des Jahres (Mitteldeutscher Rundfunk)<br \/>\n<\/span><em>Th\u00fcringenweite Anerkennung f\u00fcr die Lebensrettungsleistung durch den Mitteldeutschen Rundfunk<\/em><\/span><\/p>\n<p><span style=\"font-size: 12pt;\"><span style=\"text-decoration: underline;\">Dankesurkunde des Landkreises Schmalkalden-Meiningen<br \/>\n<\/span><em>Anerkennung des Landrates f\u00fcr die Lebensrettungsleistung in seinem Landkreis<\/em><\/span><\/p>\n<p><span style=\"font-size: 12pt;\"><span style=\"text-decoration: underline;\">F\u00f6rderpreis der Ehrenobermeister Josef-Pfister Stiftung der Handwerkskammer<br \/>\n<\/span><em>Anerkennung f\u00fcr die Leistung als Jahrgangsinnungsbester<\/em><\/span><\/p>\n","protected":false},"excerpt":{"rendered":"<p>Elke, Andreas und Manuel Erhard Mauremys leprosa erhardi Benennung einer neu entdeckten Schildkr\u00f6te nach Familie Erhard, Ehrung f\u00fcr Arten- und Naturschutzprojekte B\u00fcrgerpreis der deutschen Einheit Ehrung f\u00fcr besonderes b\u00fcrgerschaftliches Engagement um die deutsche Einheit Natur- und Umwelterbe Kulturaward (F\u00f6rderpreis) Auszeichnung <a class=\"more-link\" href=\"https:\/\/erhard-family.de\/?page_id=196\">Weiterlesen\u00a0\u2026<\/a><\/p>\n","protected":false},"author":1,"featured_media":0,"parent":0,"menu_order":0,"comment_status":"closed","ping_status":"closed","template":"","meta":{"footnotes":""},"class_list":["post-196","page","type-page","status-publish","hentry"],"_links":{"self":[{"href":"https:\/\/erhard-family.de\/index.php?rest_route=\/wp\/v2\/pages\/196","targetHints":{"allow":["GET"]}}],"collection":[{"href":"https:\/\/erhard-family.de\/index.php?rest_route=\/wp\/v2\/pages"}],"about":[{"href":"https:\/\/erhard-family.de\/index.php?rest_route=\/wp\/v2\/types\/page"}],"author":[{"embeddable":true,"href":"https:\/\/erhard-family.de\/index.php?rest_route=\/wp\/v2\/users\/1"}],"replies":[{"embeddable":true,"href":"https:\/\/erhard-family.de\/index.php?rest_route=%2Fwp%2Fv2%2Fcomments&post=196"}],"version-history":[{"count":16,"href":"https:\/\/erhard-family.de\/index.php?rest_route=\/wp\/v2\/pages\/196\/revisions"}],"predecessor-version":[{"id":714,"href":"https:\/\/erhard-family.de\/index.php?rest_route=\/wp\/v2\/pages\/196\/revisions\/714"}],"wp:attachment":[{"href":"https:\/\/erhard-family.de\/index.php?rest_route=%2Fwp%2Fv2%2Fmedia&parent=196"}],"curies":[{"name":"wp","href":"https:\/\/api.w.org\/{rel}","templated":true}]}}